{"id":2,"date":"2018-02-15T14:31:25","date_gmt":"2018-02-15T14:31:25","guid":{"rendered":"http:\/\/themes.muffingroup.com\/be\/webdeveloper\/?page_id=2"},"modified":"2021-12-20T20:05:06","modified_gmt":"2021-12-20T20:05:06","slug":"home","status":"publish","type":"page","link":"https:\/\/mog.goiania.br\/inconcurso\/","title":{"rendered":"Home"},"content":{"rendered":"<p>Box<br \/><div class=\"image_frame image_item no_link scale-with-grid alignnone no_border\" ><div class=\"image_wrapper\"><img decoding=\"async\" class=\"scale-with-grid\" src=\"data:image\/gif;base64,R0lGODdhAQABAPAAAP\/\/\/wAAACwAAAAAAQABAEACAkQBADs=\" data-lazy-src=\"\" alt=\"Home\" title=\"\"  \/><noscript><img decoding=\"async\" class=\"scale-with-grid\" src=\"\" alt=\"Home\" title=\"\"  \/><\/noscript><\/div><\/div>\n<br \/>\n<br \/><hr class=\"no_line\" style=\"margin:0 auto 0px\"\/>\n<br \/>\n<\/p>\n<h4>M\u00f3dulo 01: Introdu\u00e7\u00e3o <\/h4>\n<p><hr class=\"no_line\" style=\"margin:0 auto 0px\"\/>\n<br \/>\n<br \/><div class=\"image_frame image_item no_link scale-with-grid alignnone no_border\" ><div class=\"image_wrapper\"><img decoding=\"async\" class=\"scale-with-grid\" src=\"data:image\/gif;base64,R0lGODdhAQABAPAAAP\/\/\/wAAACwAAAAAAQABAEACAkQBADs=\" data-lazy-src=\"\" alt=\"Home\" title=\"\"  \/><noscript><img decoding=\"async\" class=\"scale-with-grid\" src=\"\" alt=\"Home\" title=\"\"  \/><\/noscript><\/div><\/div>\n<br \/>\n<br \/><hr class=\"no_line\" style=\"margin:0 auto 0px\"\/>\n<br \/>\n<br \/>O b\u00e1sico dos principais t\u00f3picos pedidos nas provas de concurso.<br \/>\n<br \/><hr class=\"no_line\" style=\"margin:0 auto 0px\"\/>\n<\/p>\n<div class=\"image_frame image_item no_link scale-with-grid alignnone no_border\" ><div class=\"image_wrapper\"><img decoding=\"async\" class=\"scale-with-grid\" src=\"data:image\/gif;base64,R0lGODdhAQABAPAAAP\/\/\/wAAACwAAAAAAQABAEACAkQBADs=\" data-lazy-src=\"\" alt=\"Home\" title=\"\"  \/><noscript><img decoding=\"async\" class=\"scale-with-grid\" src=\"\" alt=\"Home\" title=\"\"  \/><\/noscript><\/div><\/div>\n<br \/>#ffffff<br \/>no-repeat;center top;;<br \/>auto<br \/>80px 50px 0<br \/>border-radius: 6px; box-shadow: 0px 0px 30px rgba(200,196,219,.3); margin: 0 2%;<\/p>\n<p>Box<br \/><div class=\"image_frame image_item no_link scale-with-grid alignnone no_border\" ><div class=\"image_wrapper\"><img decoding=\"async\" class=\"scale-with-grid\" src=\"data:image\/gif;base64,R0lGODdhAQABAPAAAP\/\/\/wAAACwAAAAAAQABAEACAkQBADs=\" data-lazy-src=\"\" alt=\"Home\" title=\"\"  \/><noscript><img decoding=\"async\" class=\"scale-with-grid\" src=\"\" alt=\"Home\" title=\"\"  \/><\/noscript><\/div><\/div>\n<br \/>\n<br \/><hr class=\"no_line\" style=\"margin:0 auto 0px\"\/>\n<br \/>\n<\/p>\n<h4>M\u00f3dulo 02: Te\u00f3rico <\/h4>\n<p><hr class=\"no_line\" style=\"margin:0 auto 0px\"\/>\n<br \/>\n<br \/><div class=\"image_frame image_item no_link scale-with-grid alignnone no_border\" ><div class=\"image_wrapper\"><img decoding=\"async\" class=\"scale-with-grid\" src=\"data:image\/gif;base64,R0lGODdhAQABAPAAAP\/\/\/wAAACwAAAAAAQABAEACAkQBADs=\" data-lazy-src=\"\" alt=\"Home\" title=\"\"  \/><noscript><img decoding=\"async\" class=\"scale-with-grid\" src=\"\" alt=\"Home\" title=\"\"  \/><\/noscript><\/div><\/div>\n<br \/>\n<br \/><hr class=\"no_line\" style=\"margin:0 auto 0px\"\/>\n<br \/>\n<br \/>Indo a fundo nos temas para maximizar seus resultados.<br \/>\n<br \/><hr class=\"no_line\" style=\"margin:0 auto 0px\"\/>\n<\/p>\n<div class=\"image_frame image_item no_link scale-with-grid alignnone no_border\" ><div class=\"image_wrapper\"><img decoding=\"async\" class=\"scale-with-grid\" src=\"data:image\/gif;base64,R0lGODdhAQABAPAAAP\/\/\/wAAACwAAAAAAQABAEACAkQBADs=\" data-lazy-src=\"\" alt=\"Home\" title=\"\"  \/><noscript><img decoding=\"async\" class=\"scale-with-grid\" src=\"\" alt=\"Home\" title=\"\"  \/><\/noscript><\/div><\/div>\n<br \/>#ffffff<br \/>no-repeat;center top;;<br \/>auto<br \/>80px 50px 0<br \/>border-radius: 6px; box-shadow: 0px 0px 30px rgba(200,196,219,.3); margin: 0 2%;<\/p>\n<p>Box<br \/><div class=\"image_frame image_item no_link scale-with-grid alignnone no_border\" ><div class=\"image_wrapper\"><img decoding=\"async\" class=\"scale-with-grid\" src=\"data:image\/gif;base64,R0lGODdhAQABAPAAAP\/\/\/wAAACwAAAAAAQABAEACAkQBADs=\" data-lazy-src=\"\" alt=\"Home\" title=\"\"  \/><noscript><img decoding=\"async\" class=\"scale-with-grid\" src=\"\" alt=\"Home\" title=\"\"  \/><\/noscript><\/div><\/div>\n<br \/>\n<br \/><hr class=\"no_line\" style=\"margin:0 auto 0px\"\/>\n<br \/>\n<\/p>\n<h4>M\u00f3dulo 03:Pr\u00e1tico <\/h4>\n<p><hr class=\"no_line\" style=\"margin:0 auto 0px\"\/>\n<br \/>\n<br \/><div class=\"image_frame image_item no_link scale-with-grid alignnone no_border\" ><div class=\"image_wrapper\"><img decoding=\"async\" class=\"scale-with-grid\" src=\"data:image\/gif;base64,R0lGODdhAQABAPAAAP\/\/\/wAAACwAAAAAAQABAEACAkQBADs=\" data-lazy-src=\"\" alt=\"Home\" title=\"\"  \/><noscript><img decoding=\"async\" class=\"scale-with-grid\" src=\"\" alt=\"Home\" title=\"\"  \/><\/noscript><\/div><\/div>\n<br \/>\n<br \/><hr class=\"no_line\" style=\"margin:0 auto 0px\"\/>\n<br \/>\n<br \/>Resolu\u00e7\u00e3o de exerc\u00edcios de provas de concurso.<br \/>\n<br \/><hr class=\"no_line\" style=\"margin:0 auto 0px\"\/>\n<\/p>\n<div class=\"image_frame image_item no_link scale-with-grid alignnone no_border\" ><div class=\"image_wrapper\"><img decoding=\"async\" class=\"scale-with-grid\" src=\"data:image\/gif;base64,R0lGODdhAQABAPAAAP\/\/\/wAAACwAAAAAAQABAEACAkQBADs=\" data-lazy-src=\"\" alt=\"Home\" title=\"\"  \/><noscript><img decoding=\"async\" class=\"scale-with-grid\" src=\"\" alt=\"Home\" title=\"\"  \/><\/noscript><\/div><\/div>\n<br \/>#ffffff<br \/>no-repeat;center top;;<br \/>auto<br \/>80px 50px 0<br \/>border-radius: 6px; box-shadow: 0px 0px 30px rgba(200,196,219,.3); margin: 0 2%;<\/p>\n<p>Heading + desc<\/p>\n<p><\/p>\n<h3>Este curso utiliza o M\u00e9todo Gestalt de Ensino<\/h3>\n<p><hr class=\"no_line\" style=\"margin:0 auto 0px\"\/>\n<br \/>\n<\/p>\n<h5>\u2014 \u00a0 M\u00e9todo que j\u00e1 aprovou milhares de pessoas nos concursos p\u00fablicos mais concorridos do pa\u00eds.<\/h5>\n<p><hr class=\"no_line\" style=\"margin:0 auto 0px\"\/>\n<br \/>\n<br \/>O m\u00e9todo criado pelo famoso professor Luiz Fabre acelera o aprendizado ao m\u00e1ximo possibilitando a absor\u00e7\u00e3o de uma grande quantidade de conte\u00fado no menor tempo poss\u00edvel.<\/p>\n<p>Voc\u00ea ver\u00e1 nesse curso: Windows, Word, Excel, Internet, Redes e No\u00e7\u00f5es de Hardware, tudo em menos de 2 horas e meia de estudo. Depois \u00e9 s\u00f3 praticar e correr pro abra\u00e7o!<\/p>\n<p>Este curso, pode ser o que faltava para a sua aprova\u00e7\u00e3o.<br \/>no-repeat;center top;;<br \/>auto<\/p>\n<p>Curso Completo<br \/>80,00<br \/>R$<\/p>\n<p>Em at\u00e9 10x sem juros no cart\u00e3o. Sua compra tem a garantia da  Hotmart<\/p>\n<p>Inscreva-se<br \/><a href=\"https:\/\/pay.hotmart.com\/J63899755P\">https:\/\/pay.hotmart.com\/J63899755P<\/a><br \/>box<\/p>\n","protected":false},"excerpt":{"rendered":"<p>Box M\u00f3dulo 01: Introdu\u00e7\u00e3o O b\u00e1sico dos principais t\u00f3picos pedidos nas provas de concurso. #ffffffno-repeat;center top;;auto80px 50px 0border-radius: 6px; box-shadow: 0px 0px 30px rgba(200,196,219,.3); margin: 0<span class=\"excerpt-hellip\"> [\u2026]<\/span><\/p>\n","protected":false},"author":1,"featured_media":0,"parent":0,"menu_order":0,"comment_status":"closed","ping_status":"open","template":"","meta":{"footnotes":""},"class_list":["post-2","page","type-page","status-publish","hentry"],"yoast_head":"<!-- This site is optimized with the Yoast SEO plugin v27.2 - https:\/\/yoast.com\/product\/yoast-seo-wordpress\/ -->\n<title>InConcurso - Curso de Inform\u00e1tica para Concurso P\u00fablico<\/title>\n<meta name=\"description\" content=\"O mais r\u00e1pido aprendizado que voc\u00ea precisa para se sair bem na prova de inform\u00e1tica de qualquer concurso do Brasil.\" \/>\n<meta name=\"robots\" content=\"index, follow, max-snippet:-1, max-image-preview:large, max-video-preview:-1\" \/>\n<link rel=\"canonical\" href=\"http:\/\/mog.goiania.br\/inconcurso\/\" \/>\n<meta property=\"og:locale\" content=\"pt_PT\" \/>\n<meta property=\"og:type\" content=\"article\" \/>\n<meta property=\"og:title\" content=\"InConcurso - Curso de Inform\u00e1tica para Concurso P\u00fablico\" \/>\n<meta property=\"og:description\" content=\"O mais r\u00e1pido aprendizado que voc\u00ea precisa para se sair bem na prova de inform\u00e1tica de qualquer concurso do Brasil.\" \/>\n<meta property=\"og:url\" content=\"http:\/\/mog.goiania.br\/inconcurso\/\" \/>\n<meta property=\"og:site_name\" content=\"InConcurso\" \/>\n<meta property=\"article:modified_time\" content=\"2021-12-20T20:05:06+00:00\" \/>\n<meta name=\"twitter:card\" content=\"summary_large_image\" \/>\n<meta name=\"twitter:label1\" content=\"Tempo estimado de leitura\" \/>\n\t<meta name=\"twitter:data1\" content=\"2 minutos\" \/>\n<script type=\"application\/ld+json\" class=\"yoast-schema-graph\">{\"@context\":\"https:\/\/schema.org\",\"@graph\":[{\"@type\":\"WebPage\",\"@id\":\"http:\/\/mog.goiania.br\/inconcurso\/\",\"url\":\"http:\/\/mog.goiania.br\/inconcurso\/\",\"name\":\"InConcurso - Curso de Inform\u00e1tica para Concurso P\u00fablico\",\"isPartOf\":{\"@id\":\"http:\/\/mog.goiania.br\/inconcurso\/#website\"},\"datePublished\":\"2018-02-15T14:31:25+00:00\",\"dateModified\":\"2021-12-20T20:05:06+00:00\",\"description\":\"O mais r\u00e1pido aprendizado que voc\u00ea precisa para se sair bem na prova de inform\u00e1tica de qualquer concurso do Brasil.\",\"breadcrumb\":{\"@id\":\"http:\/\/mog.goiania.br\/inconcurso\/#breadcrumb\"},\"inLanguage\":\"pt-PT\",\"potentialAction\":[{\"@type\":\"ReadAction\",\"target\":[\"http:\/\/mog.goiania.br\/inconcurso\/\"]}]},{\"@type\":\"BreadcrumbList\",\"@id\":\"http:\/\/mog.goiania.br\/inconcurso\/#breadcrumb\",\"itemListElement\":[{\"@type\":\"ListItem\",\"position\":1,\"name\":\"In\u00edcio\",\"item\":\"http:\/\/mog.goiania.br\/inconcurso\/\"},{\"@type\":\"ListItem\",\"position\":2,\"name\":\"Home\"}]},{\"@type\":\"WebSite\",\"@id\":\"http:\/\/mog.goiania.br\/inconcurso\/#website\",\"url\":\"http:\/\/mog.goiania.br\/inconcurso\/\",\"name\":\"InConcurso\",\"description\":\"Inform\u00e1tica para Concurso P\u00fablico\",\"potentialAction\":[{\"@type\":\"SearchAction\",\"target\":{\"@type\":\"EntryPoint\",\"urlTemplate\":\"http:\/\/mog.goiania.br\/inconcurso\/?s={search_term_string}\"},\"query-input\":{\"@type\":\"PropertyValueSpecification\",\"valueRequired\":true,\"valueName\":\"search_term_string\"}}],\"inLanguage\":\"pt-PT\"}]}<\/script>\n<!-- \/ Yoast SEO plugin. -->","yoast_head_json":{"title":"InConcurso - Curso de Inform\u00e1tica para Concurso P\u00fablico","description":"O mais r\u00e1pido aprendizado que voc\u00ea precisa para se sair bem na prova de inform\u00e1tica de qualquer concurso do Brasil.","robots":{"index":"index","follow":"follow","max-snippet":"max-snippet:-1","max-image-preview":"max-image-preview:large","max-video-preview":"max-video-preview:-1"},"canonical":"http:\/\/mog.goiania.br\/inconcurso\/","og_locale":"pt_PT","og_type":"article","og_title":"InConcurso - Curso de Inform\u00e1tica para Concurso P\u00fablico","og_description":"O mais r\u00e1pido aprendizado que voc\u00ea precisa para se sair bem na prova de inform\u00e1tica de qualquer concurso do Brasil.","og_url":"http:\/\/mog.goiania.br\/inconcurso\/","og_site_name":"InConcurso","article_modified_time":"2021-12-20T20:05:06+00:00","twitter_card":"summary_large_image","twitter_misc":{"Tempo estimado de leitura":"2 minutos"},"schema":{"@context":"https:\/\/schema.org","@graph":[{"@type":"WebPage","@id":"http:\/\/mog.goiania.br\/inconcurso\/","url":"http:\/\/mog.goiania.br\/inconcurso\/","name":"InConcurso - Curso de Inform\u00e1tica para Concurso P\u00fablico","isPartOf":{"@id":"http:\/\/mog.goiania.br\/inconcurso\/#website"},"datePublished":"2018-02-15T14:31:25+00:00","dateModified":"2021-12-20T20:05:06+00:00","description":"O mais r\u00e1pido aprendizado que voc\u00ea precisa para se sair bem na prova de inform\u00e1tica de qualquer concurso do Brasil.","breadcrumb":{"@id":"http:\/\/mog.goiania.br\/inconcurso\/#breadcrumb"},"inLanguage":"pt-PT","potentialAction":[{"@type":"ReadAction","target":["http:\/\/mog.goiania.br\/inconcurso\/"]}]},{"@type":"BreadcrumbList","@id":"http:\/\/mog.goiania.br\/inconcurso\/#breadcrumb","itemListElement":[{"@type":"ListItem","position":1,"name":"In\u00edcio","item":"http:\/\/mog.goiania.br\/inconcurso\/"},{"@type":"ListItem","position":2,"name":"Home"}]},{"@type":"WebSite","@id":"http:\/\/mog.goiania.br\/inconcurso\/#website","url":"http:\/\/mog.goiania.br\/inconcurso\/","name":"InConcurso","description":"Inform\u00e1tica para Concurso P\u00fablico","potentialAction":[{"@type":"SearchAction","target":{"@type":"EntryPoint","urlTemplate":"http:\/\/mog.goiania.br\/inconcurso\/?s={search_term_string}"},"query-input":{"@type":"PropertyValueSpecification","valueRequired":true,"valueName":"search_term_string"}}],"inLanguage":"pt-PT"}]}},"_links":{"self":[{"href":"https:\/\/mog.goiania.br\/inconcurso\/wp-json\/wp\/v2\/pages\/2","targetHints":{"allow":["GET"]}}],"collection":[{"href":"https:\/\/mog.goiania.br\/inconcurso\/wp-json\/wp\/v2\/pages"}],"about":[{"href":"https:\/\/mog.goiania.br\/inconcurso\/wp-json\/wp\/v2\/types\/page"}],"author":[{"embeddable":true,"href":"https:\/\/mog.goiania.br\/inconcurso\/wp-json\/wp\/v2\/users\/1"}],"replies":[{"embeddable":true,"href":"https:\/\/mog.goiania.br\/inconcurso\/wp-json\/wp\/v2\/comments?post=2"}],"version-history":[{"count":5,"href":"https:\/\/mog.goiania.br\/inconcurso\/wp-json\/wp\/v2\/pages\/2\/revisions"}],"predecessor-version":[{"id":113,"href":"https:\/\/mog.goiania.br\/inconcurso\/wp-json\/wp\/v2\/pages\/2\/revisions\/113"}],"wp:attachment":[{"href":"https:\/\/mog.goiania.br\/inconcurso\/wp-json\/wp\/v2\/media?parent=2"}],"curies":[{"name":"wp","href":"https:\/\/api.w.org\/{rel}","templated":true}]}}